{"id":21346,"date":"2025-12-16T12:16:21","date_gmt":"2025-12-16T11:16:21","guid":{"rendered":"https:\/\/www.benidormcentre.com\/offres\/"},"modified":"2026-04-07T17:50:11","modified_gmt":"2026-04-07T15:50:11","slug":"offres","status":"publish","type":"page","link":"https:\/\/www.benidormcentre.com\/fr\/offres\/","title":{"rendered":"Offres"},"content":{"rendered":"\t\t<div data-elementor-type=\"wp-page\" data-elementor-id=\"21346\" class=\"elementor elementor-21346 elementor-20566\" data-elementor-post-type=\"page\">\n\t\t\t\t        <section class=\"elementor-section elementor-top-section elementor-element elementor-element-44b528fd selector-fechas elementor-section-boxed elementor-section-height-default elementor-section-height-default pxl-section-static-pos-no pxl-section-overflow-hidden-no pxl-container-margin-auto-no\" data-id=\"44b528fd\" data-element_type=\"section\">\n\n                \n                <div class=\"elementor-container elementor-column-gap-default \">\n                <div class=\"elementor-column elementor-col-100 elementor-top-column elementor-element elementor-element-1c297446 col-offset-none pxl-column-element-default pxl-column-overflow-hidden-no\" data-id=\"1c297446\" data-element_type=\"column\">\r\n        <div class=\"elementor-widget-wrap elementor-element-populated\">\r\n                    \t\t<div class=\"elementor-element elementor-element-3fbfeed elementor-widget elementor-widget-shortcode\" data-id=\"3fbfeed\" data-element_type=\"widget\" data-widget_type=\"shortcode.default\">\n\t\t\t\t\t\t\t<div class=\"elementor-shortcode\">    <div class=\"contenedorReserva\">\n        <div class=\"contentReserva\">\n\n            <form id=\"formureservas\" method=\"post\" name=\"formureservas\" action=\"\">\n\n                                        <input name=\"hotel\" value=\"benidormcentre\" type=\"hidden\" id=\"idHotel\">\n                        \n                <div id=\"sandbox-container\">\n                    <div class=\"input-daterange input-group\" id=\"datepicker\">\n                        <div class=\"campos\">\n                            <input type=\"text\" class=\"input-sm form-control\"\n                                name=\"entrada\"\n                                id=\"diallegada\"\n                                placeholder=\"Enregistrement\"\n                                size=\"14\"\n                                readonly=\"true\"\n                            >\n                        <\/div>\n                        <div class=\"campos\">\n                            <input type=\"text\" class=\"input-sm form-control\"\n                                name=\"salida\"\n                                id=\"diasalida\"\n                                placeholder=\"V\u00e9rifier\"\n                                size=\"14\"\n                                readonly=\"true\"\n                            >\n                        <\/div>\n                        <div class=\"campos\">\n                            <select name=\"adultos\" id=\"adultos\">\n                                <option value=\"\" disabled selected>Adultes<\/option>\n                                <option value=\"0\">0<\/option>\n                                <option value=\"1\">1<\/option>\n                                <option value=\"2\">2<\/option>\n                                <option value=\"3\">3<\/option>\n                                <option value=\"4\">4<\/option>\n                            <\/select>\n                        <\/div>\n<!--\n                        <div class=\"campos\">\n                            <select name=\"ninos\" id=\"children\">\n                                <option value=\"\" disabled selected>Enfants<\/option>\n                                <option value=\"0\">0<\/option>\n                                <option value=\"1\">1<\/option>\n                                <option value=\"2\">2<\/option>\n                                <option value=\"3\">3<\/option>\n                                <option value=\"4\">4<\/option>\n                            <\/select>\n                        <\/div>\n-->\n                    <\/div>\n                <\/div>\n\n                <div id=\"edad-container-mv\"> <div class=\"clearfix\"> <\/div><\/div>\n\n                <div class=\"campo_promo\">\n                    <input type=\"text\"\n                        name=\"codpromo\"\n                        id=\"promo_code\"\n                        placeholder=\"Code promotionnel\"\n                    >\n                <\/div>\n\n                <input type=\"hidden\" id=\"idioma\" value=\"fr\">\n                <div class=\"bt_enviar\">\n<!--                     <input type=\"submit\" value=\"R\u00e9servation\" name=\"bt_formureservas\" class=\"wpcf7-form-control wpcf7-submit\" id=\"enviarReservas\"> -->\n                    <button type=\"submit\" name=\"bt_formureservas\" class=\"wpcf7-form-control wpcf7-submit\" id=\"enviarReservas\">\n                        <span class=\"imagen\"><\/span>\n                        R\u00e9servation                    <\/button>\n                <\/div>\n\n                <div id=\"edad-container-dk\">\n                <div class=\"edad_ninos\">\n                    <div class=\"edad1 hidden\">\n                        <select class=\"salto 1_edad_1\">\n                                <option value=\"\">Enfants 1 \u00e2ge<\/option>\n                                <option value=\"1\">1 ann\u00e9e<\/option>\n                                <option value=\"2\">2 ans<\/option>\n                                <option value=\"3\">3 ans<\/option>\n                                <option value=\"4\">4 ans<\/option>\n                                <option value=\"5\">5 ans<\/option>\n                                <option value=\"6\">6 ans<\/option>\n                                <option value=\"7\">7 ans<\/option>\n                                <option value=\"8\">8 ans<\/option>\n                                <option value=\"9\">9 ans<\/option>\n                                <option value=\"10\">10 ans<\/option>\n                                <option value=\"11\">11 ans<\/option>\n                                <option value=\"12\">12 ans<\/option>\n                        <\/select>\n                    <\/div>\n                    <div class=\"edad2 hidden\">\n                        <select class=\"salto 2_edad_1\">\n                                <option value=\"\">Enfants 1 \u00e2ge<\/option>\n                                <option value=\"1\">1 ann\u00e9e<\/option>\n                                <option value=\"2\">2 ans<\/option>\n                                <option value=\"3\">3 ans<\/option>\n                                <option value=\"4\">4 ans<\/option>\n                                <option value=\"5\">5 ans<\/option>\n                                <option value=\"6\">6 ans<\/option>\n                                <option value=\"7\">7 ans<\/option>\n                                <option value=\"8\">8 ans<\/option>\n                                <option value=\"9\">9 ans<\/option>\n                                <option value=\"10\">10 ans<\/option>\n                                <option value=\"11\">11 ans<\/option>\n                                <option value=\"12\">12 ans<\/option>\n                        <\/select>\n                        <select class=\"2_edad_2\">\n                                <option value=\"\">Enfants de 2 ans<\/option>\n                                <option value=\"1\">1 ann\u00e9e<\/option>\n                                <option value=\"2\">2 ans<\/option>\n                                <option value=\"3\">3 ans<\/option>\n                                <option value=\"4\">4 ans<\/option>\n                                <option value=\"5\">5 ans<\/option>\n                                <option value=\"6\">6 ans<\/option>\n                                <option value=\"7\">7 ans<\/option>\n                                <option value=\"8\">8 ans<\/option>\n                                <option value=\"9\">9 ans<\/option>\n                                <option value=\"10\">10 ans<\/option>\n                                <option value=\"11\">11 ans<\/option>\n                                <option value=\"12\">12 ans<\/option>\n                        <\/select>\n                    <\/div>\n                    <div class=\"edad3 hidden\">\n                        <select class=\"salto 3_edad_1\">\n                                <option value=\"\">Enfants 1 \u00e2ge<\/option>\n                                <option value=\"1\">1 ann\u00e9e<\/option>\n                                <option value=\"2\">2 ans<\/option>\n                                <option value=\"3\">3 ans<\/option>\n                                <option value=\"4\">4 ans<\/option>\n                                <option value=\"5\">5 ans<\/option>\n                                <option value=\"6\">6 ans<\/option>\n                                <option value=\"7\">7 ans<\/option>\n                                <option value=\"8\">8 ans<\/option>\n                                <option value=\"9\">9 ans<\/option>\n                                <option value=\"10\">10 ans<\/option>\n                                <option value=\"11\">11 ans<\/option>\n                                <option value=\"12\">12 ans<\/option>\n                        <\/select>\n                        <select class=\"3_edad_2\">\n                                <option value=\"\">Enfants de 2 ans<\/option>\n                                <option value=\"1\">1 ann\u00e9e<\/option>\n                                <option value=\"2\">2 ans<\/option>\n                                <option value=\"3\">3 ans<\/option>\n                                <option value=\"4\">4 ans<\/option>\n                                <option value=\"5\">5 ans<\/option>\n                                <option value=\"6\">6 ans<\/option>\n                                <option value=\"7\">7 ans<\/option>\n                                <option value=\"8\">8 ans<\/option>\n                                <option value=\"9\">9 ans<\/option>\n                                <option value=\"10\">10 ans<\/option>\n                                <option value=\"11\">11 ans<\/option>\n                                <option value=\"12\">12 ans<\/option>\n                        <\/select>\n                        <select class=\"3_edad_3\">\n                                <option value=\"\">Enfants de 3 ans<\/option>\n                                <option value=\"1\">1 ann\u00e9e<\/option>\n                                <option value=\"2\">2 ans<\/option>\n                                <option value=\"3\">3 ans<\/option>\n                                <option value=\"4\">4 ans<\/option>\n                                <option value=\"5\">5 ans<\/option>\n                                <option value=\"6\">6 ans<\/option>\n                                <option value=\"7\">7 ans<\/option>\n                                <option value=\"8\">8 ans<\/option>\n                                <option value=\"9\">9 ans<\/option>\n                                <option value=\"10\">10 ans<\/option>\n                                <option value=\"11\">11 ans<\/option>\n                                <option value=\"12\">12 ans<\/option>\n                        <\/select>\n                    <\/div>\n                    <div class=\"edad4 hidden\">\n                        <select class=\"salto 4_edad_1\">\n                                <option value=\"\">Enfants 1 \u00e2ge<\/option>\n                                <option value=\"1\">1 ann\u00e9e<\/option>\n                                <option value=\"2\">2 ans<\/option>\n                                <option value=\"3\">3 ans<\/option>\n                                <option value=\"4\">4 ans<\/option>\n                                <option value=\"5\">5 ans<\/option>\n                                <option value=\"6\">6 ans<\/option>\n                                <option value=\"7\">7 ans<\/option>\n                                <option value=\"8\">8 ans<\/option>\n                                <option value=\"9\">9 ans<\/option>\n                                <option value=\"10\">10 ans<\/option>\n                                <option value=\"11\">11 ans<\/option>\n                                <option value=\"12\">12 ans<\/option>\n                        <\/select>\n                        <select class=\"4_edad_2\">\n                                <option value=\"\">Enfants de 2 ans<\/option>\n                                <option value=\"1\">1 ann\u00e9e<\/option>\n                                <option value=\"2\">2 ans<\/option>\n                                <option value=\"3\">3 ans<\/option>\n                                <option value=\"4\">4 ans<\/option>\n                                <option value=\"5\">5 ans<\/option>\n                                <option value=\"6\">6 ans<\/option>\n                                <option value=\"7\">7 ans<\/option>\n                                <option value=\"8\">8 ans<\/option>\n                                <option value=\"9\">9 ans<\/option>\n                                <option value=\"10\">10 ans<\/option>\n                                <option value=\"11\">11 ans<\/option>\n                                <option value=\"12\">12 ans<\/option>\n                        <\/select>\n                        <select class=\"4_edad_3\">\n                                <option value=\"\">Enfants de 3 ans<\/option>\n                                <option value=\"1\">1 ann\u00e9e<\/option>\n                                <option value=\"2\">2 ans<\/option>\n                                <option value=\"3\">3 ans<\/option>\n                                <option value=\"4\">4 ans<\/option>\n                                <option value=\"5\">5 ans<\/option>\n                                <option value=\"6\">6 ans<\/option>\n                                <option value=\"7\">7 ans<\/option>\n                                <option value=\"8\">8 ans<\/option>\n                                <option value=\"9\">9 ans<\/option>\n                                <option value=\"10\">10 ans<\/option>\n                                <option value=\"11\">11 ans<\/option>\n                                <option value=\"12\">12 ans<\/option>\n                        <\/select>\n                        <select class=\"4_edad_4\">\n                                <option value=\"\">Enfants de 4 ans<\/option>\n                                <option value=\"1\">1 ann\u00e9e<\/option>\n                                <option value=\"2\">2 ans<\/option>\n                                <option value=\"3\">3 ans<\/option>\n                                <option value=\"4\">4 ans<\/option>\n                                <option value=\"5\">5 ans<\/option>\n                                <option value=\"6\">6 ans<\/option>\n                                <option value=\"7\">7 ans<\/option>\n                                <option value=\"8\">8 ans<\/option>\n                                <option value=\"9\">9 ans<\/option>\n                                <option value=\"10\">10 ans<\/option>\n                                <option value=\"11\">11 ans<\/option>\n                                <option value=\"12\">12 ans<\/option>\n                        <\/select>\n                    <\/div>\n\n                <\/div>\n                <div class=\"clearfix\"> <\/div>\n                <\/div>\n\n            <\/form>\n\n            \n        <\/div>\n    <\/div>\n    <\/div>\n\t\t\t\t\t\t<\/div>\n\t\t                    <\/div>\r\n        <\/div>\r\n        \t\t\t<\/div>\n\t\t<\/section>\n\t\t        <section class=\"elementor-section elementor-top-section elementor-element elementor-element-27a6320 elementor-section-boxed elementor-section-height-default elementor-section-height-default pxl-section-static-pos-no pxl-section-overflow-hidden-no pxl-container-margin-auto-no\" data-id=\"27a6320\" data-element_type=\"section\">\n\n                \n                <div class=\"elementor-container elementor-column-gap-default \">\n                <div class=\"elementor-column elementor-col-100 elementor-top-column elementor-element elementor-element-6b9fedb col-offset-none pxl-column-element-default pxl-column-overflow-hidden-no\" data-id=\"6b9fedb\" data-element_type=\"column\">\r\n        <div class=\"elementor-widget-wrap elementor-element-populated\">\r\n                    \t\t<div class=\"elementor-element elementor-element-5a5ae73 elementor-widget elementor-widget-heading\" data-id=\"5a5ae73\" data-element_type=\"widget\" data-widget_type=\"heading.default\">\n\t\t\t\t\t<h2 class=\"elementor-heading-title elementor-size-default\">Promotions exclusives<\/h2>\t\t\t\t<\/div>\n\t\t\t\t<div class=\"elementor-element elementor-element-667f492 elementor-widget elementor-widget-text-editor\" data-id=\"667f492\" data-element_type=\"widget\" data-widget_type=\"text-editor.default\">\n\t\t\t\t\t\t\t\t\t<p>D\u00e9couvrez toutes les offres de l&#8217;H\u00f4tel Benidorm Centre et profitez du meilleur prix pour voyager \u00e0 Benidorm.<\/p><p>R\u00e9servez d\u00e8s maintenant et vivez une exp\u00e9rience unique et inoubliable \u00e0 Benidorm, en Espagne !<\/p>\t\t\t\t\t\t\t\t<\/div>\n\t\t                    <\/div>\r\n        <\/div>\r\n        \t\t\t<\/div>\n\t\t<\/section>\n\t\t\t\t<\/div>\n\t\t","protected":false},"excerpt":{"rendered":"<p>Promotions exclusives D\u00e9couvrez toutes les offres de l&#8217;H\u00f4tel Benidorm Centre et profitez du meilleur prix pour voyager \u00e0 Benidorm. R\u00e9servez d\u00e8s maintenant et vivez une exp\u00e9rience unique et inoubliable \u00e0 Benidorm, en Espagne !<\/p>\n","protected":false},"author":1,"featured_media":0,"parent":0,"menu_order":0,"comment_status":"closed","ping_status":"closed","template":"","meta":{"footnotes":""},"class_list":["post-21346","page","type-page","status-publish","hentry"],"yoast_head":"<!-- This site is optimized with the Yoast SEO plugin v26.8 - https:\/\/yoast.com\/product\/yoast-seo-wordpress\/ -->\n<title>Offres | Hotel Benidorm Centre, Benidorm<\/title>\n<meta name=\"description\" content=\"Offres exclusives de l\u2019Hotel Benidorm Centre pr\u00e8s de la Plage Levante de Benidorm. \u00c9conomisez sur votre r\u00e9servation !\" \/>\n<meta name=\"robots\" content=\"index, follow, max-snippet:-1, max-image-preview:large, max-video-preview:-1\" \/>\n<link rel=\"canonical\" href=\"https:\/\/www.benidormcentre.com\/fr\/offres\/\" \/>\n<meta property=\"og:locale\" content=\"fr_FR\" \/>\n<meta property=\"og:type\" content=\"article\" \/>\n<meta property=\"og:title\" content=\"Offres | Hotel Benidorm Centre, Benidorm\" \/>\n<meta property=\"og:description\" content=\"Offres exclusives de l\u2019Hotel Benidorm Centre pr\u00e8s de la Plage Levante de Benidorm. \u00c9conomisez sur votre r\u00e9servation !\" \/>\n<meta property=\"og:url\" content=\"https:\/\/www.benidormcentre.com\/fr\/offres\/\" \/>\n<meta property=\"og:site_name\" content=\"Benidorm Centre\" \/>\n<meta property=\"article:publisher\" content=\"https:\/\/www.facebook.com\/granhotelbali\" \/>\n<meta property=\"article:modified_time\" content=\"2026-04-07T15:50:11+00:00\" \/>\n<meta name=\"twitter:card\" content=\"summary_large_image\" \/>\n<meta name=\"twitter:site\" content=\"@granhotelbali\" \/>\n<meta name=\"twitter:label1\" content=\"Dur\u00e9e de lecture estim\u00e9e\" \/>\n\t<meta name=\"twitter:data1\" content=\"2 minutes\" \/>\n<script type=\"application\/ld+json\" class=\"yoast-schema-graph\">{\"@context\":\"https:\/\/schema.org\",\"@graph\":[{\"@type\":\"WebPage\",\"@id\":\"https:\/\/www.benidormcentre.com\/fr\/offres\/\",\"url\":\"https:\/\/www.benidormcentre.com\/fr\/offres\/\",\"name\":\"Offres | Hotel Benidorm Centre, Benidorm\",\"isPartOf\":{\"@id\":\"https:\/\/www.benidormcentre.com\/fr\/#website\"},\"datePublished\":\"2025-12-16T11:16:21+00:00\",\"dateModified\":\"2026-04-07T15:50:11+00:00\",\"description\":\"Offres exclusives de l\u2019Hotel Benidorm Centre pr\u00e8s de la Plage Levante de Benidorm. \u00c9conomisez sur votre r\u00e9servation !\",\"breadcrumb\":{\"@id\":\"https:\/\/www.benidormcentre.com\/fr\/offres\/#breadcrumb\"},\"inLanguage\":\"fr-FR\",\"potentialAction\":[{\"@type\":\"ReadAction\",\"target\":[\"https:\/\/www.benidormcentre.com\/fr\/offres\/\"]}]},{\"@type\":\"BreadcrumbList\",\"@id\":\"https:\/\/www.benidormcentre.com\/fr\/offres\/#breadcrumb\",\"itemListElement\":[{\"@type\":\"ListItem\",\"position\":1,\"name\":\"Portada\",\"item\":\"https:\/\/www.benidormcentre.com\/fr\/\"},{\"@type\":\"ListItem\",\"position\":2,\"name\":\"Offres\"}]},{\"@type\":\"WebSite\",\"@id\":\"https:\/\/www.benidormcentre.com\/fr\/#website\",\"url\":\"https:\/\/www.benidormcentre.com\/fr\/\",\"name\":\"Benidorm Centre\",\"description\":\"\",\"publisher\":{\"@id\":\"https:\/\/www.benidormcentre.com\/fr\/#organization\"},\"potentialAction\":[{\"@type\":\"SearchAction\",\"target\":{\"@type\":\"EntryPoint\",\"urlTemplate\":\"https:\/\/www.benidormcentre.com\/fr\/?s={search_term_string}\"},\"query-input\":{\"@type\":\"PropertyValueSpecification\",\"valueRequired\":true,\"valueName\":\"search_term_string\"}}],\"inLanguage\":\"fr-FR\"},{\"@type\":\"Organization\",\"@id\":\"https:\/\/www.benidormcentre.com\/fr\/#organization\",\"name\":\"Benidorm Centre\",\"url\":\"https:\/\/www.benidormcentre.com\/fr\/\",\"logo\":{\"@type\":\"ImageObject\",\"inLanguage\":\"fr-FR\",\"@id\":\"https:\/\/www.benidormcentre.com\/fr\/#\/schema\/logo\/image\/\",\"url\":\"https:\/\/www.benidormcentre.com\/wp-content\/uploads\/2025\/06\/logo-azul.png\",\"contentUrl\":\"https:\/\/www.benidormcentre.com\/wp-content\/uploads\/2025\/06\/logo-azul.png\",\"width\":241,\"height\":66,\"caption\":\"Benidorm Centre\"},\"image\":{\"@id\":\"https:\/\/www.benidormcentre.com\/fr\/#\/schema\/logo\/image\/\"},\"sameAs\":[\"https:\/\/www.facebook.com\/granhotelbali\",\"https:\/\/x.com\/granhotelbali\",\"https:\/\/www.youtube.com\/channel\/UC93u51w-VW12wRIWPMlIKHA\",\"https:\/\/www.instagram.com\/granhotelbalibenidorm\/?hl=es\"]}]}<\/script>\n<!-- \/ Yoast SEO plugin. -->","yoast_head_json":{"title":"Offres | Hotel Benidorm Centre, Benidorm","description":"Offres exclusives de l\u2019Hotel Benidorm Centre pr\u00e8s de la Plage Levante de Benidorm. \u00c9conomisez sur votre r\u00e9servation !","robots":{"index":"index","follow":"follow","max-snippet":"max-snippet:-1","max-image-preview":"max-image-preview:large","max-video-preview":"max-video-preview:-1"},"canonical":"https:\/\/www.benidormcentre.com\/fr\/offres\/","og_locale":"fr_FR","og_type":"article","og_title":"Offres | Hotel Benidorm Centre, Benidorm","og_description":"Offres exclusives de l\u2019Hotel Benidorm Centre pr\u00e8s de la Plage Levante de Benidorm. \u00c9conomisez sur votre r\u00e9servation !","og_url":"https:\/\/www.benidormcentre.com\/fr\/offres\/","og_site_name":"Benidorm Centre","article_publisher":"https:\/\/www.facebook.com\/granhotelbali","article_modified_time":"2026-04-07T15:50:11+00:00","twitter_card":"summary_large_image","twitter_site":"@granhotelbali","twitter_misc":{"Dur\u00e9e de lecture estim\u00e9e":"2 minutes"},"schema":{"@context":"https:\/\/schema.org","@graph":[{"@type":"WebPage","@id":"https:\/\/www.benidormcentre.com\/fr\/offres\/","url":"https:\/\/www.benidormcentre.com\/fr\/offres\/","name":"Offres | Hotel Benidorm Centre, Benidorm","isPartOf":{"@id":"https:\/\/www.benidormcentre.com\/fr\/#website"},"datePublished":"2025-12-16T11:16:21+00:00","dateModified":"2026-04-07T15:50:11+00:00","description":"Offres exclusives de l\u2019Hotel Benidorm Centre pr\u00e8s de la Plage Levante de Benidorm. \u00c9conomisez sur votre r\u00e9servation !","breadcrumb":{"@id":"https:\/\/www.benidormcentre.com\/fr\/offres\/#breadcrumb"},"inLanguage":"fr-FR","potentialAction":[{"@type":"ReadAction","target":["https:\/\/www.benidormcentre.com\/fr\/offres\/"]}]},{"@type":"BreadcrumbList","@id":"https:\/\/www.benidormcentre.com\/fr\/offres\/#breadcrumb","itemListElement":[{"@type":"ListItem","position":1,"name":"Portada","item":"https:\/\/www.benidormcentre.com\/fr\/"},{"@type":"ListItem","position":2,"name":"Offres"}]},{"@type":"WebSite","@id":"https:\/\/www.benidormcentre.com\/fr\/#website","url":"https:\/\/www.benidormcentre.com\/fr\/","name":"Benidorm Centre","description":"","publisher":{"@id":"https:\/\/www.benidormcentre.com\/fr\/#organization"},"potentialAction":[{"@type":"SearchAction","target":{"@type":"EntryPoint","urlTemplate":"https:\/\/www.benidormcentre.com\/fr\/?s={search_term_string}"},"query-input":{"@type":"PropertyValueSpecification","valueRequired":true,"valueName":"search_term_string"}}],"inLanguage":"fr-FR"},{"@type":"Organization","@id":"https:\/\/www.benidormcentre.com\/fr\/#organization","name":"Benidorm Centre","url":"https:\/\/www.benidormcentre.com\/fr\/","logo":{"@type":"ImageObject","inLanguage":"fr-FR","@id":"https:\/\/www.benidormcentre.com\/fr\/#\/schema\/logo\/image\/","url":"https:\/\/www.benidormcentre.com\/wp-content\/uploads\/2025\/06\/logo-azul.png","contentUrl":"https:\/\/www.benidormcentre.com\/wp-content\/uploads\/2025\/06\/logo-azul.png","width":241,"height":66,"caption":"Benidorm Centre"},"image":{"@id":"https:\/\/www.benidormcentre.com\/fr\/#\/schema\/logo\/image\/"},"sameAs":["https:\/\/www.facebook.com\/granhotelbali","https:\/\/x.com\/granhotelbali","https:\/\/www.youtube.com\/channel\/UC93u51w-VW12wRIWPMlIKHA","https:\/\/www.instagram.com\/granhotelbalibenidorm\/?hl=es"]}]}},"_links":{"self":[{"href":"https:\/\/www.benidormcentre.com\/fr\/wp-json\/wp\/v2\/pages\/21346","targetHints":{"allow":["GET"]}}],"collection":[{"href":"https:\/\/www.benidormcentre.com\/fr\/wp-json\/wp\/v2\/pages"}],"about":[{"href":"https:\/\/www.benidormcentre.com\/fr\/wp-json\/wp\/v2\/types\/page"}],"author":[{"embeddable":true,"href":"https:\/\/www.benidormcentre.com\/fr\/wp-json\/wp\/v2\/users\/1"}],"replies":[{"embeddable":true,"href":"https:\/\/www.benidormcentre.com\/fr\/wp-json\/wp\/v2\/comments?post=21346"}],"version-history":[{"count":5,"href":"https:\/\/www.benidormcentre.com\/fr\/wp-json\/wp\/v2\/pages\/21346\/revisions"}],"predecessor-version":[{"id":22433,"href":"https:\/\/www.benidormcentre.com\/fr\/wp-json\/wp\/v2\/pages\/21346\/revisions\/22433"}],"wp:attachment":[{"href":"https:\/\/www.benidormcentre.com\/fr\/wp-json\/wp\/v2\/media?parent=21346"}],"curies":[{"name":"wp","href":"https:\/\/api.w.org\/{rel}","templated":true}]}}